{"id":891,"date":"2024-02-23T09:12:30","date_gmt":"2024-02-23T09:12:30","guid":{"rendered":"https:\/\/mdiafrica.org\/?page_id=891"},"modified":"2026-03-05T11:38:57","modified_gmt":"2026-03-05T11:38:57","slug":"actualites","status":"publish","type":"page","link":"https:\/\/mdiafrica.org\/en\/actualites\/","title":{"rendered":"News"},"content":{"rendered":"<div data-elementor-type=\"wp-page\" data-elementor-id=\"891\" class=\"elementor elementor-891\" data-elementor-post-type=\"page\">\n\t\t\t\t<div class=\"elementor-element elementor-element-a49bb73 e-flex e-con-boxed wpr-particle-no wpr-jarallax-no wpr-parallax-no wpr-sticky-section-no wpr-equal-height-no e-con e-parent\" data-id=\"a49bb73\" data-element_type=\"container\" data-e-type=\"container\">\n\t\t\t\t\t<div class=\"e-con-inner\">\n\t\t\t\t<div class=\"elementor-element elementor-element-e654c54 elementor-grid-eael-col-3 elementor-grid-tablet-eael-col-2 elementor-grid-mobile-eael-col-1 elementor-invisible elementor-widget elementor-widget-eael-post-grid\" data-id=\"e654c54\" data-element_type=\"widget\" data-e-type=\"widget\" data-settings=\"{&quot;eael_post_grid_columns&quot;:&quot;eael-col-3&quot;,&quot;_animation&quot;:&quot;fadeInLeft&quot;,&quot;eael_post_grid_columns_tablet&quot;:&quot;eael-col-2&quot;,&quot;eael_post_grid_columns_mobile&quot;:&quot;eael-col-1&quot;}\" data-widget_type=\"eael-post-grid.default\">\n\t\t\t\t<div class=\"elementor-widget-container\">\n\t\t\t\t\t<div id=\"eael-post-grid-e654c54\" class=\"eael-post-grid-container\">\n            <div class=\"eael-post-grid eael-post-appender eael-post-appender-e654c54 eael-post-grid-style-two\" data-layout-mode=\"grid\"><article class=\"eael-grid-post  eael-post-grid-column eael-pg-post-1877 category-actus\" data-id=\"1877\">\n    <div class=\"eael-grid-post-holder\">\n        <div class=\"eael-grid-post-holder-inner\"><div class=\"eael-entry-media\"><div class=\"eael-entry-overlay fade-in\"><i class=\"fas fa-long-arrow-alt-right\" aria-hidden=\"true\"><\/i><a href=\"https:\/\/mdiafrica.org\/en\/bilan-encourageant-de-notre-campagne-pour-un-internet-ethique\/\"><\/a><\/div><div class=\"eael-entry-thumbnail\">\n                            <img fetchpriority=\"high\" decoding=\"async\" width=\"300\" height=\"169\" src=\"https:\/\/i0.wp.com\/mdiafrica.org\/wp-content\/uploads\/2024\/08\/Viduel-merci-Site-Web-1.jpg?fit=300%2C169&amp;ssl=1\" class=\"attachment-medium size-medium wp-image-1880\" alt=\"\" srcset=\"https:\/\/i0.wp.com\/mdiafrica.org\/wp-content\/uploads\/2024\/08\/Viduel-merci-Site-Web-1.jpg?w=1366&amp;ssl=1 1366w, https:\/\/i0.wp.com\/mdiafrica.org\/wp-content\/uploads\/2024\/08\/Viduel-merci-Site-Web-1.jpg?resize=300%2C169&amp;ssl=1 300w, https:\/\/i0.wp.com\/mdiafrica.org\/wp-content\/uploads\/2024\/08\/Viduel-merci-Site-Web-1.jpg?resize=1024%2C576&amp;ssl=1 1024w, https:\/\/i0.wp.com\/mdiafrica.org\/wp-content\/uploads\/2024\/08\/Viduel-merci-Site-Web-1.jpg?resize=768%2C432&amp;ssl=1 768w, https:\/\/i0.wp.com\/mdiafrica.org\/wp-content\/uploads\/2024\/08\/Viduel-merci-Site-Web-1.jpg?resize=18%2C10&amp;ssl=1 18w\" sizes=\"(max-width: 300px) 100vw, 300px\" \/>\n                            <\/div>\n                    <\/div><div class=\"eael-entry-wrapper\"><header class=\"eael-entry-header\"><h2 class=\"eael-entry-title\"><a class=\"eael-grid-post-link\" href=\"https:\/\/mdiafrica.org\/en\/bilan-encourageant-de-notre-campagne-pour-un-internet-ethique\/\" title=\"Bilan encourageant de notre Campagne pour un Internet \u00c9thique\">Bilan encourageant de notre Campagne pour un Internet \u00c9thique<\/a><\/h2><\/header><div class=\"eael-entry-content\">\n                                <div class=\"eael-grid-post-excerpt\"><p>L&rsquo;\u00e8re num\u00e9rique a transform\u00e9 nos modes de vie, mais elle soul\u00e8ve \u00e9galement des questions cruciales sur l&rsquo;\u00e9thique et la responsabilit\u00e9 de chacun. Face \u00e0 ces enjeux, Media and Digital Institute...<\/p><a href=\"https:\/\/mdiafrica.org\/en\/bilan-encourageant-de-notre-campagne-pour-un-internet-ethique\/\" class=\"eael-post-elements-readmore-btn\">Read more<\/a><\/div>\n                            <\/div><div class=\"eael-entry-header-after style-two\"><div class=\"eael-entry-meta\"><span class=\"eael-meta-posted-on\"><i class=\"far fa-clock\"><\/i><time datetime=\"31 August 2024\">31 August 2024<\/time><\/span><\/div><\/div><\/div><\/div>\n    <\/div>\n<\/article><article class=\"eael-grid-post  eael-post-grid-column eael-pg-post-1855 category-actus\" data-id=\"1855\">\n    <div class=\"eael-grid-post-holder\">\n        <div class=\"eael-grid-post-holder-inner\"><div class=\"eael-entry-media\"><div class=\"eael-entry-overlay fade-in\"><i class=\"fas fa-long-arrow-alt-right\" aria-hidden=\"true\"><\/i><a href=\"https:\/\/mdiafrica.org\/en\/digitethique-ensemble-pour-un-espace-web-plus-sain\/\"><\/a><\/div><div class=\"eael-entry-thumbnail\">\n                            <img decoding=\"async\" width=\"300\" height=\"169\" src=\"https:\/\/i0.wp.com\/mdiafrica.org\/wp-content\/uploads\/2024\/08\/Copie-de-visuels-MDI-Site-Web.png?fit=300%2C169&amp;ssl=1\" class=\"attachment-medium size-medium wp-image-1856\" alt=\"\" srcset=\"https:\/\/i0.wp.com\/mdiafrica.org\/wp-content\/uploads\/2024\/08\/Copie-de-visuels-MDI-Site-Web.png?w=1366&amp;ssl=1 1366w, https:\/\/i0.wp.com\/mdiafrica.org\/wp-content\/uploads\/2024\/08\/Copie-de-visuels-MDI-Site-Web.png?resize=300%2C169&amp;ssl=1 300w, https:\/\/i0.wp.com\/mdiafrica.org\/wp-content\/uploads\/2024\/08\/Copie-de-visuels-MDI-Site-Web.png?resize=1024%2C576&amp;ssl=1 1024w, https:\/\/i0.wp.com\/mdiafrica.org\/wp-content\/uploads\/2024\/08\/Copie-de-visuels-MDI-Site-Web.png?resize=768%2C432&amp;ssl=1 768w, https:\/\/i0.wp.com\/mdiafrica.org\/wp-content\/uploads\/2024\/08\/Copie-de-visuels-MDI-Site-Web.png?resize=18%2C10&amp;ssl=1 18w\" sizes=\"(max-width: 300px) 100vw, 300px\" \/>\n                            <\/div>\n                    <\/div><div class=\"eael-entry-wrapper\"><header class=\"eael-entry-header\"><h2 class=\"eael-entry-title\"><a class=\"eael-grid-post-link\" href=\"https:\/\/mdiafrica.org\/en\/digitethique-ensemble-pour-un-espace-web-plus-sain\/\" title=\"#DigitEthics: working together for a healthier web space\">#DigitEthics: working together for a healthier web space<\/a><\/h2><\/header><div class=\"eael-entry-content\">\n                                <div class=\"eael-grid-post-excerpt\"><p>For our organisation, ethics and responsibility in the digital space are of paramount importance. We aim to encourage ethical practices and responsible use of the media and the Internet.<\/p><a href=\"https:\/\/mdiafrica.org\/en\/digitethique-ensemble-pour-un-espace-web-plus-sain\/\" class=\"eael-post-elements-readmore-btn\">Read more<\/a><\/div>\n                            <\/div><div class=\"eael-entry-header-after style-two\"><div class=\"eael-entry-meta\"><span class=\"eael-meta-posted-on\"><i class=\"far fa-clock\"><\/i><time datetime=\"13 August 2024\">13 August 2024<\/time><\/span><\/div><\/div><\/div><\/div>\n    <\/div>\n<\/article><article class=\"eael-grid-post  eael-post-grid-column eael-pg-post-1144 category-actus tags-charge-de-developpement-offre-demploi-charge-de-developpement\" data-id=\"1144\">\n    <div class=\"eael-grid-post-holder\">\n        <div class=\"eael-grid-post-holder-inner\"><div class=\"eael-entry-media\"><div class=\"eael-entry-overlay fade-in\"><i class=\"fas fa-long-arrow-alt-right\" aria-hidden=\"true\"><\/i><a href=\"https:\/\/mdiafrica.org\/en\/offre-demploi-charge-de-developpement\/\"><\/a><\/div><div class=\"eael-entry-thumbnail\">\n                            <img decoding=\"async\" width=\"300\" height=\"200\" src=\"https:\/\/i0.wp.com\/mdiafrica.org\/wp-content\/uploads\/2024\/02\/mission-media-digital-institute-africa-1.jpg?fit=300%2C200&amp;ssl=1\" class=\"attachment-medium size-medium wp-image-1563\" alt=\"\" srcset=\"https:\/\/i0.wp.com\/mdiafrica.org\/wp-content\/uploads\/2024\/02\/mission-media-digital-institute-africa-1.jpg?w=1200&amp;ssl=1 1200w, https:\/\/i0.wp.com\/mdiafrica.org\/wp-content\/uploads\/2024\/02\/mission-media-digital-institute-africa-1.jpg?resize=300%2C200&amp;ssl=1 300w, https:\/\/i0.wp.com\/mdiafrica.org\/wp-content\/uploads\/2024\/02\/mission-media-digital-institute-africa-1.jpg?resize=1024%2C683&amp;ssl=1 1024w, https:\/\/i0.wp.com\/mdiafrica.org\/wp-content\/uploads\/2024\/02\/mission-media-digital-institute-africa-1.jpg?resize=768%2C512&amp;ssl=1 768w\" sizes=\"(max-width: 300px) 100vw, 300px\" \/>\n                            <\/div>\n                    <\/div><div class=\"eael-entry-wrapper\"><header class=\"eael-entry-header\"><h2 class=\"eael-entry-title\"><a class=\"eael-grid-post-link\" href=\"https:\/\/mdiafrica.org\/en\/offre-demploi-charge-de-developpement\/\" title=\"We are recruiting a Development Officer\">We are recruiting a Development Officer<\/a><\/h2><\/header><div class=\"eael-entry-content\">\n                                <div class=\"eael-grid-post-excerpt\"><p>Lieu : A distance Type de contrat : CDD\/Freelance Date de d\u00e9but : 01 Octobre\u00a02024 \u00c0 propos de MDI &#8211; Media and Digital Institute MDI &#8211; Media and Digital Institute...<\/p><a href=\"https:\/\/mdiafrica.org\/en\/offre-demploi-charge-de-developpement\/\" class=\"eael-post-elements-readmore-btn\">Read more<\/a><\/div>\n                            <\/div><div class=\"eael-entry-header-after style-two\"><div class=\"eael-entry-meta\"><span class=\"eael-meta-posted-on\"><i class=\"far fa-clock\"><\/i><time datetime=\"24 June 2024\">24 June 2024<\/time><\/span><\/div><\/div><\/div><\/div>\n    <\/div>\n<\/article><article class=\"eael-grid-post  eael-post-grid-column eael-pg-post-1739 category-emplois tags-journaliste-mdi-media-and-digital-institute-offre-demploi-journaliste\" data-id=\"1739\">\n    <div class=\"eael-grid-post-holder\">\n        <div class=\"eael-grid-post-holder-inner\"><div class=\"eael-entry-media\"><div class=\"eael-entry-overlay fade-in\"><i class=\"fas fa-long-arrow-alt-right\" aria-hidden=\"true\"><\/i><a href=\"https:\/\/mdiafrica.org\/en\/offre-demploi-journaliste\/\"><\/a><\/div><div class=\"eael-entry-thumbnail\">\n                            <img loading=\"lazy\" decoding=\"async\" width=\"300\" height=\"200\" src=\"https:\/\/i0.wp.com\/mdiafrica.org\/wp-content\/uploads\/2024\/02\/digital-institute-africa.jpg?fit=300%2C200&amp;ssl=1\" class=\"attachment-medium size-medium wp-image-1377\" alt=\"Digital Institute Africa\" srcset=\"https:\/\/i0.wp.com\/mdiafrica.org\/wp-content\/uploads\/2024\/02\/digital-institute-africa.jpg?w=1200&amp;ssl=1 1200w, https:\/\/i0.wp.com\/mdiafrica.org\/wp-content\/uploads\/2024\/02\/digital-institute-africa.jpg?resize=300%2C200&amp;ssl=1 300w, https:\/\/i0.wp.com\/mdiafrica.org\/wp-content\/uploads\/2024\/02\/digital-institute-africa.jpg?resize=1024%2C683&amp;ssl=1 1024w, https:\/\/i0.wp.com\/mdiafrica.org\/wp-content\/uploads\/2024\/02\/digital-institute-africa.jpg?resize=768%2C512&amp;ssl=1 768w\" sizes=\"(max-width: 300px) 100vw, 300px\" \/>\n                            <\/div>\n                    <\/div><div class=\"eael-entry-wrapper\"><header class=\"eael-entry-header\"><h2 class=\"eael-entry-title\"><a class=\"eael-grid-post-link\" href=\"https:\/\/mdiafrica.org\/en\/offre-demploi-journaliste\/\" title=\"We are recruiting two journalists on fixed-term contracts\">We are recruiting two journalists on fixed-term contracts<\/a><\/h2><\/header><div class=\"eael-entry-content\">\n                                <div class=\"eael-grid-post-excerpt\"><p>Lieu : A distance Type de contrat : CDD\/Freelance Date de d\u00e9but : 01 Octobre \u00c0 propos de nous Nous sommes un m\u00e9dia dynamique et innovant qui s&rsquo;engage \u00e0 fournir...<\/p><a href=\"https:\/\/mdiafrica.org\/en\/offre-demploi-journaliste\/\" class=\"eael-post-elements-readmore-btn\">Read more<\/a><\/div>\n                            <\/div><div class=\"eael-entry-header-after style-two\"><div class=\"eael-entry-meta\"><span class=\"eael-meta-posted-on\"><i class=\"far fa-clock\"><\/i><time datetime=\"24 June 2024\">24 June 2024<\/time><\/span><\/div><\/div><\/div><\/div>\n    <\/div>\n<\/article><\/div>\n            <div class=\"clearfix\"><\/div>\n        <\/div>\t\t\t\t<\/div>\n\t\t\t\t<\/div>\n\t\t\t\t\t<\/div>\n\t\t\t\t<\/div>\n\t\t\t\t<\/div>","protected":false},"excerpt":{"rendered":"<p>Bilan encourageant de notre Campagne pour un Internet \u00c9thique L&rsquo;\u00e8re num\u00e9rique a transform\u00e9 nos modes de vie, mais elle soul\u00e8ve \u00e9galement des questions cruciales sur l&rsquo;\u00e9thique et la responsabilit\u00e9 de chacun. Face \u00e0 ces enjeux, Media and Digital Institute&#8230; En savoir plus 31 ao\u00fbt 2024 #DigitEthique : ensemble pour un espace web plus sain Pour notre organisation , l\u2019\u00e9thique et la responsabilit\u00e9 dans l&rsquo;espace digital occupent une place pr\u00e9pond\u00e9rante. Nous aspirons \u00e0 encourager des pratiques \u00e9thiques et une utilisation responsable des m\u00e9dias et du&#8230; En savoir plus 13 ao\u00fbt 2024 Nous recrutons un Charg\u00e9 de D\u00e9veloppement Lieu : A distance Type de contrat : CDD\/Freelance Date de d\u00e9but : 01 Octobre\u00a02024 \u00c0 propos de MDI &#8211; Media and Digital Institute MDI &#8211; Media and Digital Institute&#8230; En savoir plus 24 juin 2024 Nous recrutons deux Journalistes en CDD Lieu : A distance Type de contrat : CDD\/Freelance Date de d\u00e9but : 01 Octobre \u00c0 propos de nous Nous sommes un m\u00e9dia dynamique et innovant qui s&rsquo;engage \u00e0 fournir&#8230; En savoir plus 24 juin 2024<\/p>","protected":false},"author":3,"featured_media":0,"parent":0,"menu_order":0,"comment_status":"closed","ping_status":"closed","template":"","meta":{"footnotes":""},"class_list":["post-891","page","type-page","status-publish","hentry"],"jetpack_sharing_enabled":true,"_links":{"self":[{"href":"https:\/\/mdiafrica.org\/en\/wp-json\/wp\/v2\/pages\/891","targetHints":{"allow":["GET"]}}],"collection":[{"href":"https:\/\/mdiafrica.org\/en\/wp-json\/wp\/v2\/pages"}],"about":[{"href":"https:\/\/mdiafrica.org\/en\/wp-json\/wp\/v2\/types\/page"}],"author":[{"embeddable":true,"href":"https:\/\/mdiafrica.org\/en\/wp-json\/wp\/v2\/users\/3"}],"replies":[{"embeddable":true,"href":"https:\/\/mdiafrica.org\/en\/wp-json\/wp\/v2\/comments?post=891"}],"version-history":[{"count":32,"href":"https:\/\/mdiafrica.org\/en\/wp-json\/wp\/v2\/pages\/891\/revisions"}],"predecessor-version":[{"id":10299,"href":"https:\/\/mdiafrica.org\/en\/wp-json\/wp\/v2\/pages\/891\/revisions\/10299"}],"wp:attachment":[{"href":"https:\/\/mdiafrica.org\/en\/wp-json\/wp\/v2\/media?parent=891"}],"curies":[{"name":"wp","href":"https:\/\/api.w.org\/{rel}","templated":true}]}}