{"id":887,"date":"2024-02-23T09:11:35","date_gmt":"2024-02-23T09:11:35","guid":{"rendered":"https:\/\/mdiafrica.org\/?page_id=887"},"modified":"2024-03-06T23:42:00","modified_gmt":"2024-03-06T23:42:00","slug":"activites","status":"publish","type":"page","link":"https:\/\/mdiafrica.org\/en\/activites\/","title":{"rendered":"Our work"},"content":{"rendered":"<div data-elementor-type=\"wp-page\" data-elementor-id=\"887\" class=\"elementor elementor-887\" data-elementor-post-type=\"page\">\n\t\t\t\t<div class=\"elementor-element elementor-element-c3bf6ae e-flex e-con-boxed wpr-particle-no wpr-jarallax-no wpr-parallax-no wpr-sticky-section-no wpr-equal-height-no e-con e-parent\" data-id=\"c3bf6ae\" data-element_type=\"container\" data-e-type=\"container\">\n\t\t\t\t\t<div class=\"e-con-inner\">\n\t\t\t\t<div class=\"elementor-element elementor-element-d6b9984 elementor-invisible elementor-widget elementor-widget-heading\" data-id=\"d6b9984\" data-element_type=\"widget\" data-e-type=\"widget\" data-settings=\"{&quot;_animation&quot;:&quot;fadeInDown&quot;}\" data-widget_type=\"heading.default\">\n\t\t\t\t<div class=\"elementor-widget-container\">\n\t\t\t\t\t<h2 class=\"elementor-heading-title elementor-size-default\">Our areas of expertise <\/h2>\t\t\t\t<\/div>\n\t\t\t\t<\/div>\n\t\t\t\t<div class=\"elementor-element elementor-element-102cfa0 elementor-invisible elementor-widget elementor-widget-text-editor\" data-id=\"102cfa0\" data-element_type=\"widget\" data-e-type=\"widget\" data-settings=\"{&quot;_animation&quot;:&quot;fadeInDown&quot;}\" data-widget_type=\"text-editor.default\">\n\t\t\t\t<div class=\"elementor-widget-container\">\n\t\t\t\t\t\t\t\t\tWe work with media professionals in our areas of expertise:\t\t\t\t\t\t\t\t<\/div>\n\t\t\t\t<\/div>\n\t\t<div class=\"elementor-element elementor-element-6651814 e-flex e-con-boxed wpr-particle-no wpr-jarallax-no wpr-parallax-no wpr-sticky-section-no wpr-equal-height-no e-con e-child\" data-id=\"6651814\" data-element_type=\"container\" data-e-type=\"container\">\n\t\t\t\t\t<div class=\"e-con-inner\">\n\t\t\t\t<div class=\"elementor-element elementor-element-e6e5e92 elementor-grid-eael-col-3 elementor-grid-tablet-eael-col-2 elementor-grid-mobile-eael-col-1 elementor-invisible elementor-widget elementor-widget-eael-post-grid\" data-id=\"e6e5e92\" data-element_type=\"widget\" data-e-type=\"widget\" data-settings=\"{&quot;eael_post_grid_columns&quot;:&quot;eael-col-3&quot;,&quot;_animation&quot;:&quot;fadeInLeft&quot;,&quot;eael_post_grid_columns_tablet&quot;:&quot;eael-col-2&quot;,&quot;eael_post_grid_columns_mobile&quot;:&quot;eael-col-1&quot;}\" data-widget_type=\"eael-post-grid.default\">\n\t\t\t\t<div class=\"elementor-widget-container\">\n\t\t\t\t\t<div id=\"eael-post-grid-e6e5e92\" class=\"eael-post-grid-container\">\n            <div class=\"eael-post-grid eael-post-appender eael-post-appender-e6e5e92 eael-post-grid-style-one\" data-layout-mode=\"grid\"><article class=\"eael-grid-post  eael-post-grid-column eael-pg-post-1098\" data-id=\"1098\">\n        <div class=\"eael-grid-post-holder\">\n            <div class=\"eael-grid-post-holder-inner\"><div class=\"eael-entry-media\"><div class=\"eael-entry-overlay fade-in\"><i class=\"fas fa-long-arrow-alt-right\" aria-hidden=\"true\"><\/i><a href=\"https:\/\/mdiafrica.org\/en\/domaines\/formations\/\"><\/a><\/div><div class=\"eael-entry-thumbnail\">\n                <img fetchpriority=\"high\" decoding=\"async\" width=\"300\" height=\"200\" src=\"https:\/\/i0.wp.com\/mdiafrica.org\/wp-content\/uploads\/2024\/02\/Formation-education-mdi-africa.jpg?fit=300%2C200&amp;ssl=1\" class=\"attachment-medium size-medium wp-image-1431\" alt=\"Formation education MDI Africa\" srcset=\"https:\/\/i0.wp.com\/mdiafrica.org\/wp-content\/uploads\/2024\/02\/Formation-education-mdi-africa.jpg?w=1200&amp;ssl=1 1200w, https:\/\/i0.wp.com\/mdiafrica.org\/wp-content\/uploads\/2024\/02\/Formation-education-mdi-africa.jpg?resize=300%2C200&amp;ssl=1 300w, https:\/\/i0.wp.com\/mdiafrica.org\/wp-content\/uploads\/2024\/02\/Formation-education-mdi-africa.jpg?resize=1024%2C683&amp;ssl=1 1024w, https:\/\/i0.wp.com\/mdiafrica.org\/wp-content\/uploads\/2024\/02\/Formation-education-mdi-africa.jpg?resize=768%2C512&amp;ssl=1 768w\" sizes=\"(max-width: 300px) 100vw, 300px\" \/>\n            <\/div>\n        <\/div><div class=\"eael-entry-wrapper\"><header class=\"eael-entry-header\"><h2 class=\"eael-entry-title\"><a class=\"eael-grid-post-link\" href=\"https:\/\/mdiafrica.org\/en\/domaines\/formations\/\" title=\"Training\">Training<\/a><\/h2><\/header><div class=\"eael-entry-content\">\n                        <div class=\"eael-grid-post-excerpt\"><p>We develop tailor-made professional training programmes to enhance the skills of players in the media and digital sector.<\/p><a href=\"https:\/\/mdiafrica.org\/en\/domaines\/formations\/\" class=\"eael-post-elements-readmore-btn\">Read more<\/a><\/div>\n                    <\/div><div class=\"eael-entry-footer\"><div class=\"eael-entry-meta\"><\/div><\/div><\/div><\/div>\n        <\/div>\n    <\/article><article class=\"eael-grid-post  eael-post-grid-column eael-pg-post-1100\" data-id=\"1100\">\n        <div class=\"eael-grid-post-holder\">\n            <div class=\"eael-grid-post-holder-inner\"><div class=\"eael-entry-media\"><div class=\"eael-entry-overlay fade-in\"><i class=\"fas fa-long-arrow-alt-right\" aria-hidden=\"true\"><\/i><a href=\"https:\/\/mdiafrica.org\/en\/domaines\/plaidoyer-et-ethique\/\"><\/a><\/div><div class=\"eael-entry-thumbnail\">\n                <img decoding=\"async\" width=\"300\" height=\"200\" src=\"https:\/\/i0.wp.com\/mdiafrica.org\/wp-content\/uploads\/2024\/02\/Plaidoyer-Ethique-MDI-Africa.jpg?fit=300%2C200&amp;ssl=1\" class=\"attachment-medium size-medium wp-image-1432\" alt=\"Plaidoyer \u00c9thique MDI Africa\" srcset=\"https:\/\/i0.wp.com\/mdiafrica.org\/wp-content\/uploads\/2024\/02\/Plaidoyer-Ethique-MDI-Africa.jpg?w=1200&amp;ssl=1 1200w, https:\/\/i0.wp.com\/mdiafrica.org\/wp-content\/uploads\/2024\/02\/Plaidoyer-Ethique-MDI-Africa.jpg?resize=300%2C200&amp;ssl=1 300w, https:\/\/i0.wp.com\/mdiafrica.org\/wp-content\/uploads\/2024\/02\/Plaidoyer-Ethique-MDI-Africa.jpg?resize=1024%2C683&amp;ssl=1 1024w, https:\/\/i0.wp.com\/mdiafrica.org\/wp-content\/uploads\/2024\/02\/Plaidoyer-Ethique-MDI-Africa.jpg?resize=768%2C512&amp;ssl=1 768w\" sizes=\"(max-width: 300px) 100vw, 300px\" \/>\n            <\/div>\n        <\/div><div class=\"eael-entry-wrapper\"><header class=\"eael-entry-header\"><h2 class=\"eael-entry-title\"><a class=\"eael-grid-post-link\" href=\"https:\/\/mdiafrica.org\/en\/domaines\/plaidoyer-et-ethique\/\" title=\"Advocacy and Ethics\">Advocacy and Ethics<\/a><\/h2><\/header><div class=\"eael-entry-content\">\n                        <div class=\"eael-grid-post-excerpt\"><p>Our mission is to actively promote ethical standards in media and digital.<\/p><a href=\"https:\/\/mdiafrica.org\/en\/domaines\/plaidoyer-et-ethique\/\" class=\"eael-post-elements-readmore-btn\">Read more<\/a><\/div>\n                    <\/div><div class=\"eael-entry-footer\"><div class=\"eael-entry-meta\"><\/div><\/div><\/div><\/div>\n        <\/div>\n    <\/article><article class=\"eael-grid-post  eael-post-grid-column eael-pg-post-1101\" data-id=\"1101\">\n        <div class=\"eael-grid-post-holder\">\n            <div class=\"eael-grid-post-holder-inner\"><div class=\"eael-entry-media\"><div class=\"eael-entry-overlay fade-in\"><i class=\"fas fa-long-arrow-alt-right\" aria-hidden=\"true\"><\/i><a href=\"https:\/\/mdiafrica.org\/en\/domaines\/recherche-et-innovation\/\"><\/a><\/div><div class=\"eael-entry-thumbnail\">\n                <img decoding=\"async\" width=\"300\" height=\"200\" src=\"https:\/\/i0.wp.com\/mdiafrica.org\/wp-content\/uploads\/2024\/02\/Recherche-et-Innovation-mdi-africa.jpg?fit=300%2C200&amp;ssl=1\" class=\"attachment-medium size-medium wp-image-1433\" alt=\"Recherche et Innovation MDI Africa\" srcset=\"https:\/\/i0.wp.com\/mdiafrica.org\/wp-content\/uploads\/2024\/02\/Recherche-et-Innovation-mdi-africa.jpg?w=1200&amp;ssl=1 1200w, https:\/\/i0.wp.com\/mdiafrica.org\/wp-content\/uploads\/2024\/02\/Recherche-et-Innovation-mdi-africa.jpg?resize=300%2C200&amp;ssl=1 300w, https:\/\/i0.wp.com\/mdiafrica.org\/wp-content\/uploads\/2024\/02\/Recherche-et-Innovation-mdi-africa.jpg?resize=1024%2C683&amp;ssl=1 1024w, https:\/\/i0.wp.com\/mdiafrica.org\/wp-content\/uploads\/2024\/02\/Recherche-et-Innovation-mdi-africa.jpg?resize=768%2C512&amp;ssl=1 768w\" sizes=\"(max-width: 300px) 100vw, 300px\" \/>\n            <\/div>\n        <\/div><div class=\"eael-entry-wrapper\"><header class=\"eael-entry-header\"><h2 class=\"eael-entry-title\"><a class=\"eael-grid-post-link\" href=\"https:\/\/mdiafrica.org\/en\/domaines\/recherche-et-innovation\/\" title=\"Research and Innovation\">Research and Innovation<\/a><\/h2><\/header><div class=\"eael-entry-content\">\n                        <div class=\"eael-grid-post-excerpt\"><p>We carry out research with the aim of staying at the forefront of developments in the sector, while promoting innovative and sustainable practices.<\/p><a href=\"https:\/\/mdiafrica.org\/en\/domaines\/recherche-et-innovation\/\" class=\"eael-post-elements-readmore-btn\">Read more<\/a><\/div>\n                    <\/div><div class=\"eael-entry-footer\"><div class=\"eael-entry-meta\"><\/div><\/div><\/div><\/div>\n        <\/div>\n    <\/article><article class=\"eael-grid-post  eael-post-grid-column eael-pg-post-1102\" data-id=\"1102\">\n        <div class=\"eael-grid-post-holder\">\n            <div class=\"eael-grid-post-holder-inner\"><div class=\"eael-entry-media\"><div class=\"eael-entry-overlay fade-in\"><i class=\"fas fa-long-arrow-alt-right\" aria-hidden=\"true\"><\/i><a href=\"https:\/\/mdiafrica.org\/en\/domaines\/production-documentaire-et-contenus-authentiques\/\"><\/a><\/div><div class=\"eael-entry-thumbnail\">\n                <img loading=\"lazy\" decoding=\"async\" width=\"300\" height=\"200\" src=\"https:\/\/i0.wp.com\/mdiafrica.org\/wp-content\/uploads\/2024\/02\/Production-Documentaire-Contenus-Authentiques.jpg?fit=300%2C200&amp;ssl=1\" class=\"attachment-medium size-medium wp-image-1434\" alt=\"Production Documentaire et Contenus Authentiques\" srcset=\"https:\/\/i0.wp.com\/mdiafrica.org\/wp-content\/uploads\/2024\/02\/Production-Documentaire-Contenus-Authentiques.jpg?w=1200&amp;ssl=1 1200w, https:\/\/i0.wp.com\/mdiafrica.org\/wp-content\/uploads\/2024\/02\/Production-Documentaire-Contenus-Authentiques.jpg?resize=300%2C200&amp;ssl=1 300w, https:\/\/i0.wp.com\/mdiafrica.org\/wp-content\/uploads\/2024\/02\/Production-Documentaire-Contenus-Authentiques.jpg?resize=1024%2C683&amp;ssl=1 1024w, https:\/\/i0.wp.com\/mdiafrica.org\/wp-content\/uploads\/2024\/02\/Production-Documentaire-Contenus-Authentiques.jpg?resize=768%2C512&amp;ssl=1 768w\" sizes=\"(max-width: 300px) 100vw, 300px\" \/>\n            <\/div>\n        <\/div><div class=\"eael-entry-wrapper\"><header class=\"eael-entry-header\"><h2 class=\"eael-entry-title\"><a class=\"eael-grid-post-link\" href=\"https:\/\/mdiafrica.org\/en\/domaines\/production-documentaire-et-contenus-authentiques\/\" title=\"Documentary Production and Authentic Content\">Documentary Production and Authentic Content<\/a><\/h2><\/header><div class=\"eael-entry-content\">\n                        <div class=\"eael-grid-post-excerpt\"><p>We highlight these relevant stories, which are often overlooked or under-reported, through the creation of documentaries and authentic content.<\/p><a href=\"https:\/\/mdiafrica.org\/en\/domaines\/production-documentaire-et-contenus-authentiques\/\" class=\"eael-post-elements-readmore-btn\">Read more<\/a><\/div>\n                    <\/div><div class=\"eael-entry-footer\"><div class=\"eael-entry-meta\"><\/div><\/div><\/div><\/div>\n        <\/div>\n    <\/article><article class=\"eael-grid-post  eael-post-grid-column eael-pg-post-1103\" data-id=\"1103\">\n        <div class=\"eael-grid-post-holder\">\n            <div class=\"eael-grid-post-holder-inner\"><div class=\"eael-entry-media\"><div class=\"eael-entry-overlay fade-in\"><i class=\"fas fa-long-arrow-alt-right\" aria-hidden=\"true\"><\/i><a href=\"https:\/\/mdiafrica.org\/en\/domaines\/promotion-de-la-diversite-et-de-linclusion\/\"><\/a><\/div><div class=\"eael-entry-thumbnail\">\n                <img loading=\"lazy\" decoding=\"async\" width=\"300\" height=\"200\" src=\"https:\/\/i0.wp.com\/mdiafrica.org\/wp-content\/uploads\/2024\/02\/Promotion-Diversite-Inclusion-mdi-africa.jpg?fit=300%2C200&amp;ssl=1\" class=\"attachment-medium size-medium wp-image-1435\" alt=\"Promotion-Diversite-Inclusion-mdi-africa\" srcset=\"https:\/\/i0.wp.com\/mdiafrica.org\/wp-content\/uploads\/2024\/02\/Promotion-Diversite-Inclusion-mdi-africa.jpg?w=1200&amp;ssl=1 1200w, https:\/\/i0.wp.com\/mdiafrica.org\/wp-content\/uploads\/2024\/02\/Promotion-Diversite-Inclusion-mdi-africa.jpg?resize=300%2C200&amp;ssl=1 300w, https:\/\/i0.wp.com\/mdiafrica.org\/wp-content\/uploads\/2024\/02\/Promotion-Diversite-Inclusion-mdi-africa.jpg?resize=1024%2C683&amp;ssl=1 1024w, https:\/\/i0.wp.com\/mdiafrica.org\/wp-content\/uploads\/2024\/02\/Promotion-Diversite-Inclusion-mdi-africa.jpg?resize=768%2C512&amp;ssl=1 768w\" sizes=\"(max-width: 300px) 100vw, 300px\" \/>\n            <\/div>\n        <\/div><div class=\"eael-entry-wrapper\"><header class=\"eael-entry-header\"><h2 class=\"eael-entry-title\"><a class=\"eael-grid-post-link\" href=\"https:\/\/mdiafrica.org\/en\/domaines\/promotion-de-la-diversite-et-de-linclusion\/\" title=\"Promotion de la Diversit\u00e9 et de l&rsquo;Inclusion\">Promotion of Diversity and Inclusion<\/a><\/h2><\/header><div class=\"eael-entry-content\">\n                        <div class=\"eael-grid-post-excerpt\"><p>Our commitment is to promote balanced and diverse representation in the media and on the internet.<\/p><a href=\"https:\/\/mdiafrica.org\/en\/domaines\/promotion-de-la-diversite-et-de-linclusion\/\" class=\"eael-post-elements-readmore-btn\">Read more<\/a><\/div>\n                    <\/div><div class=\"eael-entry-footer\"><div class=\"eael-entry-meta\"><\/div><\/div><\/div><\/div>\n        <\/div>\n    <\/article><\/div>\n            <div class=\"clearfix\"><\/div>\n        <\/div>\t\t\t\t<\/div>\n\t\t\t\t<\/div>\n\t\t\t\t\t<\/div>\n\t\t\t\t<\/div>\n\t\t\t\t\t<\/div>\n\t\t\t\t<\/div>\n\t\t\t\t<\/div>","protected":false},"excerpt":{"rendered":"<p>Nos domaines d&rsquo;intervention Nous travaillons avec les professionnels du m\u00e9dia dans nos domaines d&rsquo;interventions tels que: Formation et \u00c9ducation Mettre en place des programmes de formation professionnelle pour am\u00e9liorer les comp\u00e9tences des acteurs des m\u00e9dias et du digital. En savoir plus Plaidoyer et \u00c9thique Promouvoir des normes \u00e9thiques dans les pratiques m\u00e9diatiques et digitales via des campagnes de sensibilisation, des partenariats avec d&rsquo;autres organisations et la cr\u00e9ation de lignes directrices. En savoir plus Recherche et Innovation Mener des \u00e9tudes approfondies pour identifier les tendances \u00e9mergentes, \u00e9valuer l&rsquo;impact des technologies et encourager l&rsquo;innovation responsable. En savoir plus Production Documentaire et Contenus Authentiques Encourager la cr\u00e9ation de documentaires et de contenus authentiques pour partager des histoires pertinentes, souvent sous-repr\u00e9sent\u00e9es ou peu m\u00e9diatis\u00e9es En savoir plus Promotion de la Diversit\u00e9 et de l&#8217;Inclusion Favoriser la repr\u00e9sentation \u00e9quilibr\u00e9e et diversifi\u00e9e dans les m\u00e9dias et le digital, encourageant la diversit\u00e9 de points de vue, de cultures et de genres. En savoir plus<\/p>","protected":false},"author":3,"featured_media":0,"parent":0,"menu_order":0,"comment_status":"closed","ping_status":"closed","template":"","meta":{"footnotes":""},"class_list":["post-887","page","type-page","status-publish","hentry"],"jetpack_sharing_enabled":true,"_links":{"self":[{"href":"https:\/\/mdiafrica.org\/en\/wp-json\/wp\/v2\/pages\/887","targetHints":{"allow":["GET"]}}],"collection":[{"href":"https:\/\/mdiafrica.org\/en\/wp-json\/wp\/v2\/pages"}],"about":[{"href":"https:\/\/mdiafrica.org\/en\/wp-json\/wp\/v2\/types\/page"}],"author":[{"embeddable":true,"href":"https:\/\/mdiafrica.org\/en\/wp-json\/wp\/v2\/users\/3"}],"replies":[{"embeddable":true,"href":"https:\/\/mdiafrica.org\/en\/wp-json\/wp\/v2\/comments?post=887"}],"version-history":[{"count":25,"href":"https:\/\/mdiafrica.org\/en\/wp-json\/wp\/v2\/pages\/887\/revisions"}],"predecessor-version":[{"id":1680,"href":"https:\/\/mdiafrica.org\/en\/wp-json\/wp\/v2\/pages\/887\/revisions\/1680"}],"wp:attachment":[{"href":"https:\/\/mdiafrica.org\/en\/wp-json\/wp\/v2\/media?parent=887"}],"curies":[{"name":"wp","href":"https:\/\/api.w.org\/{rel}","templated":true}]}}